{"id":5919,"date":"2024-07-09T18:22:23","date_gmt":"2024-07-09T18:22:23","guid":{"rendered":"https:\/\/ozkantarimadiyaman.com\/?post_type=product&#038;p=5919"},"modified":"2025-12-02T23:12:47","modified_gmt":"2025-12-02T23:12:47","slug":"13lu-2-sirali-kultivator","status":"publish","type":"product","link":"https:\/\/ozkantarimadiyaman.com\/index.php\/urun\/13lu-2-sirali-kultivator\/","title":{"rendered":"13&#8217;l\u00fc 2 S\u0131ral\u0131 K\u00fcltivat\u00f6r"},"content":{"rendered":"","protected":false},"excerpt":{"rendered":"","protected":false},"featured_media":5920,"comment_status":"open","ping_status":"closed","template":"","meta":[],"product_cat":[94,100,101,86,87,88],"product_tag":[],"class_list":["post-5919","product","type-product","status-publish","has-post-thumbnail","hentry","product_cat-tum-urunler","product_cat-kultivator","product_cat-baski-yayli","product_cat-indirimli-urunler","product_cat-kampanyalar","product_cat-cok-satanlar"],"yoast_head":"<!-- This site is optimized with the Yoast SEO plugin v19.10 - https:\/\/yoast.com\/wordpress\/plugins\/seo\/ -->\n<title>13&#039;l\u00fc 2 S\u0131ral\u0131 K\u00fcltivat\u00f6r - \u00d6ZKAN TARIM - ADIYAMAN<\/title>\n<meta name=\"robots\" content=\"index, follow, max-snippet:-1, max-image-preview:large, max-video-preview:-1\" \/>\n<link rel=\"canonical\" href=\"https:\/\/ozkantarimadiyaman.com\/index.php\/urun\/13lu-2-sirali-kultivator\/\" \/>\n<meta property=\"og:locale\" content=\"tr_TR\" \/>\n<meta property=\"og:type\" content=\"article\" \/>\n<meta property=\"og:title\" content=\"13&#039;l\u00fc 2 S\u0131ral\u0131 K\u00fcltivat\u00f6r - \u00d6ZKAN TARIM - ADIYAMAN\" \/>\n<meta property=\"og:url\" content=\"https:\/\/ozkantarimadiyaman.com\/index.php\/urun\/13lu-2-sirali-kultivator\/\" \/>\n<meta property=\"og:site_name\" content=\"\u00d6ZKAN TARIM - ADIYAMAN\" \/>\n<meta property=\"article:modified_time\" content=\"2025-12-02T23:12:47+00:00\" \/>\n<meta property=\"og:image\" content=\"https:\/\/ozkantarimadiyaman.com\/wp-content\/uploads\/2024\/07\/3883a951-d5a4-4af7-ae88-2bf0a6337071-1.jpg\" \/>\n\t<meta property=\"og:image:width\" content=\"1600\" \/>\n\t<meta property=\"og:image:height\" content=\"1066\" \/>\n\t<meta property=\"og:image:type\" content=\"image\/jpeg\" \/>\n<meta name=\"twitter:card\" content=\"summary_large_image\" \/>\n<script type=\"application\/ld+json\" class=\"yoast-schema-graph\">{\"@context\":\"https:\/\/schema.org\",\"@graph\":[{\"@type\":\"WebPage\",\"@id\":\"https:\/\/ozkantarimadiyaman.com\/index.php\/urun\/13lu-2-sirali-kultivator\/\",\"url\":\"https:\/\/ozkantarimadiyaman.com\/index.php\/urun\/13lu-2-sirali-kultivator\/\",\"name\":\"13'l\u00fc 2 S\u0131ral\u0131 K\u00fcltivat\u00f6r - \u00d6ZKAN TARIM - ADIYAMAN\",\"isPartOf\":{\"@id\":\"https:\/\/ozkantarimadiyaman.com\/#website\"},\"datePublished\":\"2024-07-09T18:22:23+00:00\",\"dateModified\":\"2025-12-02T23:12:47+00:00\",\"breadcrumb\":{\"@id\":\"https:\/\/ozkantarimadiyaman.com\/index.php\/urun\/13lu-2-sirali-kultivator\/#breadcrumb\"},\"inLanguage\":\"tr\",\"potentialAction\":[{\"@type\":\"ReadAction\",\"target\":[\"https:\/\/ozkantarimadiyaman.com\/index.php\/urun\/13lu-2-sirali-kultivator\/\"]}]},{\"@type\":\"BreadcrumbList\",\"@id\":\"https:\/\/ozkantarimadiyaman.com\/index.php\/urun\/13lu-2-sirali-kultivator\/#breadcrumb\",\"itemListElement\":[{\"@type\":\"ListItem\",\"position\":1,\"name\":\"Anasayfa\",\"item\":\"https:\/\/ozkantarimadiyaman.com\/\"},{\"@type\":\"ListItem\",\"position\":2,\"name\":\"T\u00dcM \u00dcR\u00dcNLER\",\"item\":\"https:\/\/ozkantarimadiyaman.com\/index.php\/shop\/\"},{\"@type\":\"ListItem\",\"position\":3,\"name\":\"13&#8217;l\u00fc 2 S\u0131ral\u0131 K\u00fcltivat\u00f6r\"}]},{\"@type\":\"WebSite\",\"@id\":\"https:\/\/ozkantarimadiyaman.com\/#website\",\"url\":\"https:\/\/ozkantarimadiyaman.com\/\",\"name\":\"\u00d6ZKAN TARIM - ADIYAMAN\",\"description\":\"\",\"potentialAction\":[{\"@type\":\"SearchAction\",\"target\":{\"@type\":\"EntryPoint\",\"urlTemplate\":\"https:\/\/ozkantarimadiyaman.com\/?s={search_term_string}\"},\"query-input\":\"required name=search_term_string\"}],\"inLanguage\":\"tr\"}]}<\/script>\n<!-- \/ Yoast SEO plugin. -->","yoast_head_json":{"title":"13'l\u00fc 2 S\u0131ral\u0131 K\u00fcltivat\u00f6r - \u00d6ZKAN TARIM - ADIYAMAN","robots":{"index":"index","follow":"follow","max-snippet":"max-snippet:-1","max-image-preview":"max-image-preview:large","max-video-preview":"max-video-preview:-1"},"canonical":"https:\/\/ozkantarimadiyaman.com\/index.php\/urun\/13lu-2-sirali-kultivator\/","og_locale":"tr_TR","og_type":"article","og_title":"13'l\u00fc 2 S\u0131ral\u0131 K\u00fcltivat\u00f6r - \u00d6ZKAN TARIM - ADIYAMAN","og_url":"https:\/\/ozkantarimadiyaman.com\/index.php\/urun\/13lu-2-sirali-kultivator\/","og_site_name":"\u00d6ZKAN TARIM - ADIYAMAN","article_modified_time":"2025-12-02T23:12:47+00:00","og_image":[{"width":1600,"height":1066,"url":"https:\/\/ozkantarimadiyaman.com\/wp-content\/uploads\/2024\/07\/3883a951-d5a4-4af7-ae88-2bf0a6337071-1.jpg","type":"image\/jpeg"}],"twitter_card":"summary_large_image","schema":{"@context":"https:\/\/schema.org","@graph":[{"@type":"WebPage","@id":"https:\/\/ozkantarimadiyaman.com\/index.php\/urun\/13lu-2-sirali-kultivator\/","url":"https:\/\/ozkantarimadiyaman.com\/index.php\/urun\/13lu-2-sirali-kultivator\/","name":"13'l\u00fc 2 S\u0131ral\u0131 K\u00fcltivat\u00f6r - \u00d6ZKAN TARIM - ADIYAMAN","isPartOf":{"@id":"https:\/\/ozkantarimadiyaman.com\/#website"},"datePublished":"2024-07-09T18:22:23+00:00","dateModified":"2025-12-02T23:12:47+00:00","breadcrumb":{"@id":"https:\/\/ozkantarimadiyaman.com\/index.php\/urun\/13lu-2-sirali-kultivator\/#breadcrumb"},"inLanguage":"tr","potentialAction":[{"@type":"ReadAction","target":["https:\/\/ozkantarimadiyaman.com\/index.php\/urun\/13lu-2-sirali-kultivator\/"]}]},{"@type":"BreadcrumbList","@id":"https:\/\/ozkantarimadiyaman.com\/index.php\/urun\/13lu-2-sirali-kultivator\/#breadcrumb","itemListElement":[{"@type":"ListItem","position":1,"name":"Anasayfa","item":"https:\/\/ozkantarimadiyaman.com\/"},{"@type":"ListItem","position":2,"name":"T\u00dcM \u00dcR\u00dcNLER","item":"https:\/\/ozkantarimadiyaman.com\/index.php\/shop\/"},{"@type":"ListItem","position":3,"name":"13&#8217;l\u00fc 2 S\u0131ral\u0131 K\u00fcltivat\u00f6r"}]},{"@type":"WebSite","@id":"https:\/\/ozkantarimadiyaman.com\/#website","url":"https:\/\/ozkantarimadiyaman.com\/","name":"\u00d6ZKAN TARIM - ADIYAMAN","description":"","potentialAction":[{"@type":"SearchAction","target":{"@type":"EntryPoint","urlTemplate":"https:\/\/ozkantarimadiyaman.com\/?s={search_term_string}"},"query-input":"required name=search_term_string"}],"inLanguage":"tr"}]}},"_links":{"self":[{"href":"https:\/\/ozkantarimadiyaman.com\/index.php\/wp-json\/wp\/v2\/product\/5919","targetHints":{"allow":["GET"]}}],"collection":[{"href":"https:\/\/ozkantarimadiyaman.com\/index.php\/wp-json\/wp\/v2\/product"}],"about":[{"href":"https:\/\/ozkantarimadiyaman.com\/index.php\/wp-json\/wp\/v2\/types\/product"}],"replies":[{"embeddable":true,"href":"https:\/\/ozkantarimadiyaman.com\/index.php\/wp-json\/wp\/v2\/comments?post=5919"}],"wp:featuredmedia":[{"embeddable":true,"href":"https:\/\/ozkantarimadiyaman.com\/index.php\/wp-json\/wp\/v2\/media\/5920"}],"wp:attachment":[{"href":"https:\/\/ozkantarimadiyaman.com\/index.php\/wp-json\/wp\/v2\/media?parent=5919"}],"wp:term":[{"taxonomy":"product_cat","embeddable":true,"href":"https:\/\/ozkantarimadiyaman.com\/index.php\/wp-json\/wp\/v2\/product_cat?post=5919"},{"taxonomy":"product_tag","embeddable":true,"href":"https:\/\/ozkantarimadiyaman.com\/index.php\/wp-json\/wp\/v2\/product_tag?post=5919"}],"curies":[{"name":"wp","href":"https:\/\/api.w.org\/{rel}","templated":true}]}}