{"id":5465,"date":"2022-11-07T10:44:11","date_gmt":"2022-11-07T10:44:11","guid":{"rendered":"https:\/\/ozkantarimadiyaman.com\/?post_type=product&#038;p=5465"},"modified":"2024-05-13T09:58:04","modified_gmt":"2024-05-13T09:58:04","slug":"11-li-2-sirali-baski-yayli-kultivator","status":"publish","type":"product","link":"https:\/\/ozkantarimadiyaman.com\/index.php\/urun\/11-li-2-sirali-baski-yayli-kultivator\/","title":{"rendered":"11 li 2 S\u0131ral\u0131 Bask\u0131 Yayl\u0131 K\u00fcltivat\u00f6r"},"content":{"rendered":"","protected":false},"excerpt":{"rendered":"","protected":false},"featured_media":5467,"comment_status":"open","ping_status":"closed","template":"","meta":[],"product_cat":[94,100,101,86,87,88],"product_tag":[],"class_list":["post-5465","product","type-product","status-publish","has-post-thumbnail","hentry","product_cat-tum-urunler","product_cat-kultivator","product_cat-baski-yayli","product_cat-indirimli-urunler","product_cat-kampanyalar","product_cat-cok-satanlar"],"yoast_head":"<!-- This site is optimized with the Yoast SEO plugin v19.10 - https:\/\/yoast.com\/wordpress\/plugins\/seo\/ -->\n<title>11 li 2 S\u0131ral\u0131 Bask\u0131 Yayl\u0131 K\u00fcltivat\u00f6r - \u00d6ZKAN TARIM - ADIYAMAN<\/title>\n<meta name=\"robots\" content=\"index, follow, max-snippet:-1, max-image-preview:large, max-video-preview:-1\" \/>\n<link rel=\"canonical\" href=\"https:\/\/ozkantarimadiyaman.com\/index.php\/urun\/11-li-2-sirali-baski-yayli-kultivator\/\" \/>\n<meta property=\"og:locale\" content=\"tr_TR\" \/>\n<meta property=\"og:type\" content=\"article\" \/>\n<meta property=\"og:title\" content=\"11 li 2 S\u0131ral\u0131 Bask\u0131 Yayl\u0131 K\u00fcltivat\u00f6r - \u00d6ZKAN TARIM - ADIYAMAN\" \/>\n<meta property=\"og:url\" content=\"https:\/\/ozkantarimadiyaman.com\/index.php\/urun\/11-li-2-sirali-baski-yayli-kultivator\/\" \/>\n<meta property=\"og:site_name\" content=\"\u00d6ZKAN TARIM - ADIYAMAN\" \/>\n<meta property=\"article:modified_time\" content=\"2024-05-13T09:58:04+00:00\" \/>\n<meta property=\"og:image\" content=\"https:\/\/ozkantarimadiyaman.com\/wp-content\/uploads\/2022\/11\/eed9d9c6-e96b-43f8-b1cf-a5fe125fea2f.jpg\" \/>\n\t<meta property=\"og:image:width\" content=\"1024\" \/>\n\t<meta property=\"og:image:height\" content=\"768\" \/>\n\t<meta property=\"og:image:type\" content=\"image\/jpeg\" \/>\n<meta name=\"twitter:card\" content=\"summary_large_image\" \/>\n<script type=\"application\/ld+json\" class=\"yoast-schema-graph\">{\"@context\":\"https:\/\/schema.org\",\"@graph\":[{\"@type\":\"WebPage\",\"@id\":\"https:\/\/ozkantarimadiyaman.com\/index.php\/urun\/11-li-2-sirali-baski-yayli-kultivator\/\",\"url\":\"https:\/\/ozkantarimadiyaman.com\/index.php\/urun\/11-li-2-sirali-baski-yayli-kultivator\/\",\"name\":\"11 li 2 S\u0131ral\u0131 Bask\u0131 Yayl\u0131 K\u00fcltivat\u00f6r - \u00d6ZKAN TARIM - ADIYAMAN\",\"isPartOf\":{\"@id\":\"https:\/\/ozkantarimadiyaman.com\/#website\"},\"datePublished\":\"2022-11-07T10:44:11+00:00\",\"dateModified\":\"2024-05-13T09:58:04+00:00\",\"breadcrumb\":{\"@id\":\"https:\/\/ozkantarimadiyaman.com\/index.php\/urun\/11-li-2-sirali-baski-yayli-kultivator\/#breadcrumb\"},\"inLanguage\":\"tr\",\"potentialAction\":[{\"@type\":\"ReadAction\",\"target\":[\"https:\/\/ozkantarimadiyaman.com\/index.php\/urun\/11-li-2-sirali-baski-yayli-kultivator\/\"]}]},{\"@type\":\"BreadcrumbList\",\"@id\":\"https:\/\/ozkantarimadiyaman.com\/index.php\/urun\/11-li-2-sirali-baski-yayli-kultivator\/#breadcrumb\",\"itemListElement\":[{\"@type\":\"ListItem\",\"position\":1,\"name\":\"Anasayfa\",\"item\":\"https:\/\/ozkantarimadiyaman.com\/\"},{\"@type\":\"ListItem\",\"position\":2,\"name\":\"T\u00dcM \u00dcR\u00dcNLER\",\"item\":\"https:\/\/ozkantarimadiyaman.com\/index.php\/shop\/\"},{\"@type\":\"ListItem\",\"position\":3,\"name\":\"11 li 2 S\u0131ral\u0131 Bask\u0131 Yayl\u0131 K\u00fcltivat\u00f6r\"}]},{\"@type\":\"WebSite\",\"@id\":\"https:\/\/ozkantarimadiyaman.com\/#website\",\"url\":\"https:\/\/ozkantarimadiyaman.com\/\",\"name\":\"\u00d6ZKAN TARIM - ADIYAMAN\",\"description\":\"\",\"potentialAction\":[{\"@type\":\"SearchAction\",\"target\":{\"@type\":\"EntryPoint\",\"urlTemplate\":\"https:\/\/ozkantarimadiyaman.com\/?s={search_term_string}\"},\"query-input\":\"required name=search_term_string\"}],\"inLanguage\":\"tr\"}]}<\/script>\n<!-- \/ Yoast SEO plugin. -->","yoast_head_json":{"title":"11 li 2 S\u0131ral\u0131 Bask\u0131 Yayl\u0131 K\u00fcltivat\u00f6r - \u00d6ZKAN TARIM - ADIYAMAN","robots":{"index":"index","follow":"follow","max-snippet":"max-snippet:-1","max-image-preview":"max-image-preview:large","max-video-preview":"max-video-preview:-1"},"canonical":"https:\/\/ozkantarimadiyaman.com\/index.php\/urun\/11-li-2-sirali-baski-yayli-kultivator\/","og_locale":"tr_TR","og_type":"article","og_title":"11 li 2 S\u0131ral\u0131 Bask\u0131 Yayl\u0131 K\u00fcltivat\u00f6r - \u00d6ZKAN TARIM - ADIYAMAN","og_url":"https:\/\/ozkantarimadiyaman.com\/index.php\/urun\/11-li-2-sirali-baski-yayli-kultivator\/","og_site_name":"\u00d6ZKAN TARIM - ADIYAMAN","article_modified_time":"2024-05-13T09:58:04+00:00","og_image":[{"width":1024,"height":768,"url":"https:\/\/ozkantarimadiyaman.com\/wp-content\/uploads\/2022\/11\/eed9d9c6-e96b-43f8-b1cf-a5fe125fea2f.jpg","type":"image\/jpeg"}],"twitter_card":"summary_large_image","schema":{"@context":"https:\/\/schema.org","@graph":[{"@type":"WebPage","@id":"https:\/\/ozkantarimadiyaman.com\/index.php\/urun\/11-li-2-sirali-baski-yayli-kultivator\/","url":"https:\/\/ozkantarimadiyaman.com\/index.php\/urun\/11-li-2-sirali-baski-yayli-kultivator\/","name":"11 li 2 S\u0131ral\u0131 Bask\u0131 Yayl\u0131 K\u00fcltivat\u00f6r - \u00d6ZKAN TARIM - ADIYAMAN","isPartOf":{"@id":"https:\/\/ozkantarimadiyaman.com\/#website"},"datePublished":"2022-11-07T10:44:11+00:00","dateModified":"2024-05-13T09:58:04+00:00","breadcrumb":{"@id":"https:\/\/ozkantarimadiyaman.com\/index.php\/urun\/11-li-2-sirali-baski-yayli-kultivator\/#breadcrumb"},"inLanguage":"tr","potentialAction":[{"@type":"ReadAction","target":["https:\/\/ozkantarimadiyaman.com\/index.php\/urun\/11-li-2-sirali-baski-yayli-kultivator\/"]}]},{"@type":"BreadcrumbList","@id":"https:\/\/ozkantarimadiyaman.com\/index.php\/urun\/11-li-2-sirali-baski-yayli-kultivator\/#breadcrumb","itemListElement":[{"@type":"ListItem","position":1,"name":"Anasayfa","item":"https:\/\/ozkantarimadiyaman.com\/"},{"@type":"ListItem","position":2,"name":"T\u00dcM \u00dcR\u00dcNLER","item":"https:\/\/ozkantarimadiyaman.com\/index.php\/shop\/"},{"@type":"ListItem","position":3,"name":"11 li 2 S\u0131ral\u0131 Bask\u0131 Yayl\u0131 K\u00fcltivat\u00f6r"}]},{"@type":"WebSite","@id":"https:\/\/ozkantarimadiyaman.com\/#website","url":"https:\/\/ozkantarimadiyaman.com\/","name":"\u00d6ZKAN TARIM - ADIYAMAN","description":"","potentialAction":[{"@type":"SearchAction","target":{"@type":"EntryPoint","urlTemplate":"https:\/\/ozkantarimadiyaman.com\/?s={search_term_string}"},"query-input":"required name=search_term_string"}],"inLanguage":"tr"}]}},"_links":{"self":[{"href":"https:\/\/ozkantarimadiyaman.com\/index.php\/wp-json\/wp\/v2\/product\/5465","targetHints":{"allow":["GET"]}}],"collection":[{"href":"https:\/\/ozkantarimadiyaman.com\/index.php\/wp-json\/wp\/v2\/product"}],"about":[{"href":"https:\/\/ozkantarimadiyaman.com\/index.php\/wp-json\/wp\/v2\/types\/product"}],"replies":[{"embeddable":true,"href":"https:\/\/ozkantarimadiyaman.com\/index.php\/wp-json\/wp\/v2\/comments?post=5465"}],"wp:featuredmedia":[{"embeddable":true,"href":"https:\/\/ozkantarimadiyaman.com\/index.php\/wp-json\/wp\/v2\/media\/5467"}],"wp:attachment":[{"href":"https:\/\/ozkantarimadiyaman.com\/index.php\/wp-json\/wp\/v2\/media?parent=5465"}],"wp:term":[{"taxonomy":"product_cat","embeddable":true,"href":"https:\/\/ozkantarimadiyaman.com\/index.php\/wp-json\/wp\/v2\/product_cat?post=5465"},{"taxonomy":"product_tag","embeddable":true,"href":"https:\/\/ozkantarimadiyaman.com\/index.php\/wp-json\/wp\/v2\/product_tag?post=5465"}],"curies":[{"name":"wp","href":"https:\/\/api.w.org\/{rel}","templated":true}]}}